{"id":2,"date":"2021-01-29T09:22:45","date_gmt":"2021-01-29T09:22:45","guid":{"rendered":"https:\/\/biocibus.bio\/?page_id=2"},"modified":"2022-05-11T08:46:26","modified_gmt":"2022-05-11T08:46:26","slug":"sample-page","status":"publish","type":"page","link":"https:\/\/biocibus.bio\/","title":{"rendered":"Biocibus CAT"},"content":{"rendered":"\t\t<div data-elementor-type=\"wp-page\" data-elementor-id=\"2\" class=\"elementor elementor-2\" data-elementor-settings=\"[]\">\n\t\t\t\t\t\t\t<div class=\"elementor-section-wrap\">\n\t\t\t\t\t\t\t<section class=\"elementor-section elementor-top-section elementor-element elementor-element-5bfc7047 elementor-section-height-min-height elementor-section-content-middle elementor-section-boxed elementor-section-height-default elementor-section-items-middle\" data-id=\"5bfc7047\" data-element_type=\"section\" data-settings=\"{&quot;background_background&quot;:&quot;classic&quot;}\">\n\t\t\t\t\t\t\t<div class=\"elementor-background-overlay\"><\/div>\n\t\t\t\t\t\t\t<div class=\"elementor-container elementor-column-gap-default\">\n\t\t\t\t\t<div class=\"elementor-column elementor-col-100 elementor-top-column elementor-element elementor-element-22df6d05\" data-id=\"22df6d05\" data-element_type=\"column\">\n\t\t\t<div class=\"elementor-widget-wrap elementor-element-populated\">\n\t\t\t\t\t\t\t\t<div class=\"elementor-element elementor-element-27a83c1f elementor-widget elementor-widget-heading\" data-id=\"27a83c1f\" data-element_type=\"widget\" data-widget_type=\"heading.default\">\n\t\t\t\t<div class=\"elementor-widget-container\">\n\t\t\t<h6 class=\"elementor-heading-title elementor-size-default\">BIOCIBUS<\/h6>\t\t<\/div>\n\t\t\t\t<\/div>\n\t\t\t\t<div class=\"elementor-element elementor-element-2a979a1 elementor-invisible elementor-widget elementor-widget-heading\" data-id=\"2a979a1\" data-element_type=\"widget\" data-settings=\"{&quot;_animation&quot;:&quot;fadeIn&quot;}\" data-widget_type=\"heading.default\">\n\t\t\t\t<div class=\"elementor-widget-container\">\n\t\t\t<h2 class=\"elementor-heading-title elementor-size-default\">Som una empresa familiar, amb una llarga tradici\u00f3 en l'elaboraci\u00f3 d'aliments mitjan\u00e7ant processos artesanals.<\/h2>\t\t<\/div>\n\t\t\t\t<\/div>\n\t\t\t\t\t<\/div>\n\t\t<\/div>\n\t\t\t\t\t\t\t<\/div>\n\t\t<\/section>\n\t\t\t\t<section class=\"elementor-section elementor-top-section elementor-element elementor-element-d927a57 elementor-section-boxed elementor-section-height-default elementor-section-height-default elementor-invisible\" data-id=\"d927a57\" data-element_type=\"section\" data-settings=\"{&quot;animation&quot;:&quot;fadeIn&quot;}\">\n\t\t\t\t\t\t\t<div class=\"elementor-background-overlay\"><\/div>\n\t\t\t\t\t\t\t<div class=\"elementor-container elementor-column-gap-default\">\n\t\t\t\t\t<div class=\"elementor-column elementor-col-100 elementor-top-column elementor-element elementor-element-39e5936\" data-id=\"39e5936\" data-element_type=\"column\">\n\t\t\t<div class=\"elementor-widget-wrap elementor-element-populated\">\n\t\t\t\t\t\t\t\t<div class=\"elementor-element elementor-element-5c199ce elementor-widget elementor-widget-text-editor\" data-id=\"5c199ce\" data-element_type=\"widget\" data-widget_type=\"text-editor.default\">\n\t\t\t\t<div class=\"elementor-widget-container\">\n\t\t\t\t\t<div class=\"elementor-text-editor elementor-clearfix\"><p><em>Som qualitat,<\/em><\/p><p>elaborem brous, salses, pat\u00e9s i melmelades\u00a0100% ecol\u00f2giques<\/p><\/div>\n\t\t\t\t<\/div>\n\t\t\t\t<\/div>\n\t\t\t\t<div class=\"elementor-element elementor-element-22f21fa elementor-widget elementor-widget-text-editor\" data-id=\"22f21fa\" data-element_type=\"widget\" data-widget_type=\"text-editor.default\">\n\t\t\t\t<div class=\"elementor-widget-container\">\n\t\t\t\t\t<div class=\"elementor-text-editor elementor-clearfix\"><p>Tres marques amb un mateix origen\u00a0i una mateixa filosofia:<\/p><p>oferir la m\u00e0xima\u00a0qualitat, amb els millors ingredients,\u00a0ecol\u00f2gics i de proximitat.<\/p><p>\u00a0<\/p><p>Hem conservat moltes de les receptes tradicionals, per\u00f2 tamb\u00e9 ens agrada\u00a0evolucionar-les,\u00a0<\/p><p>incorporant nous ingredients, aconseguint uns sabors m\u00e9s aut\u00e8ntics i personals.<\/p><\/div>\n\t\t\t\t<\/div>\n\t\t\t\t<\/div>\n\t\t\t\t\t<\/div>\n\t\t<\/div>\n\t\t\t\t\t\t\t<\/div>\n\t\t<\/section>\n\t\t\t\t<section class=\"elementor-section elementor-top-section elementor-element elementor-element-4589d3bd elementor-section-content-middle elementor-reverse-mobile elementor-section-boxed elementor-section-height-default elementor-section-height-default\" data-id=\"4589d3bd\" data-element_type=\"section\" data-settings=\"{&quot;background_background&quot;:&quot;classic&quot;}\">\n\t\t\t\t\t\t<div class=\"elementor-container elementor-column-gap-no\">\n\t\t\t\t\t<div class=\"elementor-column elementor-col-33 elementor-top-column elementor-element elementor-element-5604c5d2\" data-id=\"5604c5d2\" data-element_type=\"column\" data-settings=\"{&quot;background_background&quot;:&quot;classic&quot;}\">\n\t\t\t<div class=\"elementor-widget-wrap elementor-element-populated\">\n\t\t\t\t\t\t\t\t<div class=\"elementor-element elementor-element-83d091f elementor-widget elementor-widget-image\" data-id=\"83d091f\" data-element_type=\"widget\" data-widget_type=\"image.default\">\n\t\t\t\t<div class=\"elementor-widget-container\">\n\t\t\t\t\t<div class=\"elementor-image\">\n\t\t\t\t\t\t\t\t\t\t\t<a href=\"https:\/\/www.cangarriga.cat\">\n\t\t\t\t\t\t\t<img width=\"306\" height=\"139\" src=\"https:\/\/biocibus.bio\/wp-content\/uploads\/2021\/03\/Logo-01.png\" class=\"attachment-large size-large\" alt=\"\" loading=\"lazy\" srcset=\"https:\/\/biocibus.bio\/wp-content\/uploads\/2021\/03\/Logo-01.png 306w, https:\/\/biocibus.bio\/wp-content\/uploads\/2021\/03\/Logo-01-300x136.png 300w\" sizes=\"(max-width: 306px) 100vw, 306px\" style=\"width:100%;height:45.42%;max-width:306px;\" \/>\t\t\t\t\t\t\t\t<\/a>\n\t\t\t\t\t\t\t\t\t\t\t<\/div>\n\t\t\t\t<\/div>\n\t\t\t\t<\/div>\n\t\t\t\t<div class=\"elementor-element elementor-element-1055237 elementor-invisible elementor-widget elementor-widget-image\" data-id=\"1055237\" data-element_type=\"widget\" data-settings=\"{&quot;_animation&quot;:&quot;fadeIn&quot;}\" data-widget_type=\"image.default\">\n\t\t\t\t<div class=\"elementor-widget-container\">\n\t\t\t\t\t<div class=\"elementor-image\">\n\t\t\t\t\t\t\t\t\t\t\t<a href=\"https:\/\/www.cangarriga.cat\" target=\"_blank\">\n\t\t\t\t\t\t\t<img src=\"https:\/\/biocibus.bio\/wp-content\/uploads\/elementor\/thumbs\/Captura-de-pantalla-2020-06-17-a-las-13.23.31-p3pxtt1l75va4vfikz65zujjg5mfw4dasggpzmc5fs.png\" title=\"Captura de pantalla 2020-06-17 a las 13.23.31\" alt=\"Captura de pantalla 2020-06-17 a las 13.23.31\" class=\"elementor-animation-shrink\" \/>\t\t\t\t\t\t\t\t<\/a>\n\t\t\t\t\t\t\t\t\t\t\t<\/div>\n\t\t\t\t<\/div>\n\t\t\t\t<\/div>\n\t\t\t\t<div class=\"elementor-element elementor-element-267409a elementor-widget elementor-widget-text-editor\" data-id=\"267409a\" data-element_type=\"widget\" data-widget_type=\"text-editor.default\">\n\t\t\t\t<div class=\"elementor-widget-container\">\n\t\t\t\t\t<div class=\"elementor-text-editor elementor-clearfix\"><p>Can Garriga\u00a0ofereix brous ecol\u00f2gics de recepta\u00a0premium de gran qualitat.\u00a0<\/p><\/div>\n\t\t\t\t<\/div>\n\t\t\t\t<\/div>\n\t\t\t\t<div class=\"elementor-element elementor-element-677ecbf elementor-align-center elementor-widget elementor-widget-button\" data-id=\"677ecbf\" data-element_type=\"widget\" data-widget_type=\"button.default\">\n\t\t\t\t<div class=\"elementor-widget-container\">\n\t\t\t\t\t<div class=\"elementor-button-wrapper\">\n\t\t\t<a href=\"https:\/\/www.cangarriga.cat\" target=\"_blank\" class=\"elementor-button-link elementor-button elementor-size-sm elementor-animation-shrink\" role=\"button\">\n\t\t\t\t\t\t<span class=\"elementor-button-content-wrapper\">\n\t\t\t\t\t\t<span class=\"elementor-button-text\">Veure m\u00e9s<\/span>\n\t\t<\/span>\n\t\t\t\t\t<\/a>\n\t\t<\/div>\n\t\t\t\t<\/div>\n\t\t\t\t<\/div>\n\t\t\t\t\t<\/div>\n\t\t<\/div>\n\t\t\t\t<div class=\"elementor-column elementor-col-33 elementor-top-column elementor-element elementor-element-1417f12\" data-id=\"1417f12\" data-element_type=\"column\" data-settings=\"{&quot;background_background&quot;:&quot;classic&quot;}\">\n\t\t\t<div class=\"elementor-widget-wrap elementor-element-populated\">\n\t\t\t\t\t\t\t\t<div class=\"elementor-element elementor-element-4c80aff elementor-widget elementor-widget-image\" data-id=\"4c80aff\" data-element_type=\"widget\" data-widget_type=\"image.default\">\n\t\t\t\t<div class=\"elementor-widget-container\">\n\t\t\t\t\t<div class=\"elementor-image\">\n\t\t\t\t\t\t\t\t\t\t\t<a href=\"http:\/\/www.caldus.bio\">\n\t\t\t\t\t\t\t<img width=\"306\" height=\"139\" src=\"https:\/\/biocibus.bio\/wp-content\/uploads\/2021\/03\/Logo-02.png\" class=\"attachment-large size-large\" alt=\"\" loading=\"lazy\" srcset=\"https:\/\/biocibus.bio\/wp-content\/uploads\/2021\/03\/Logo-02.png 306w, https:\/\/biocibus.bio\/wp-content\/uploads\/2021\/03\/Logo-02-300x136.png 300w\" sizes=\"(max-width: 306px) 100vw, 306px\" style=\"width:100%;height:45.42%;max-width:306px;\" \/>\t\t\t\t\t\t\t\t<\/a>\n\t\t\t\t\t\t\t\t\t\t\t<\/div>\n\t\t\t\t<\/div>\n\t\t\t\t<\/div>\n\t\t\t\t<div class=\"elementor-element elementor-element-886f629 elementor-invisible elementor-widget elementor-widget-image\" data-id=\"886f629\" data-element_type=\"widget\" data-settings=\"{&quot;_animation&quot;:&quot;fadeIn&quot;}\" data-widget_type=\"image.default\">\n\t\t\t\t<div class=\"elementor-widget-container\">\n\t\t\t\t\t<div class=\"elementor-image\">\n\t\t\t\t\t\t\t\t\t\t\t<a href=\"http:\/\/www.caldus.bio\" target=\"_blank\">\n\t\t\t\t\t\t\t<img src=\"https:\/\/biocibus.bio\/wp-content\/uploads\/elementor\/thumbs\/Captura-de-pantalla-2020-06-17-a-las-13.21.15-p2k5w36ce1xrgnaq6x5ynblyjn9ggzhzntwyw2sx3c.png\" title=\"Captura de pantalla 2020-06-17 a las 13.21.15\" alt=\"Captura de pantalla 2020-06-17 a las 13.21.15\" class=\"elementor-animation-shrink\" \/>\t\t\t\t\t\t\t\t<\/a>\n\t\t\t\t\t\t\t\t\t\t\t<\/div>\n\t\t\t\t<\/div>\n\t\t\t\t<\/div>\n\t\t\t\t<div class=\"elementor-element elementor-element-27a6667 elementor-widget elementor-widget-text-editor\" data-id=\"27a6667\" data-element_type=\"widget\" data-widget_type=\"text-editor.default\">\n\t\t\t\t<div class=\"elementor-widget-container\">\n\t\t\t\t\t<div class=\"elementor-text-editor elementor-clearfix\"><p>Caldus cuina brous i salses ecol\u00f2gics\u00a0amb un aut\u00e8ntic sabor casol\u00e0.<\/p><\/div>\n\t\t\t\t<\/div>\n\t\t\t\t<\/div>\n\t\t\t\t<div class=\"elementor-element elementor-element-e70cb81 elementor-align-center elementor-widget elementor-widget-button\" data-id=\"e70cb81\" data-element_type=\"widget\" data-widget_type=\"button.default\">\n\t\t\t\t<div class=\"elementor-widget-container\">\n\t\t\t\t\t<div class=\"elementor-button-wrapper\">\n\t\t\t<a href=\"http:\/\/www.caldus.bio\" target=\"_blank\" class=\"elementor-button-link elementor-button elementor-size-sm elementor-animation-shrink\" role=\"button\">\n\t\t\t\t\t\t<span class=\"elementor-button-content-wrapper\">\n\t\t\t\t\t\t<span class=\"elementor-button-text\">Veure m\u00e9s<\/span>\n\t\t<\/span>\n\t\t\t\t\t<\/a>\n\t\t<\/div>\n\t\t\t\t<\/div>\n\t\t\t\t<\/div>\n\t\t\t\t\t<\/div>\n\t\t<\/div>\n\t\t\t\t<div class=\"elementor-column elementor-col-33 elementor-top-column elementor-element elementor-element-171d080\" data-id=\"171d080\" data-element_type=\"column\" data-settings=\"{&quot;background_background&quot;:&quot;classic&quot;}\">\n\t\t\t<div class=\"elementor-widget-wrap elementor-element-populated\">\n\t\t\t\t\t\t\t\t<div class=\"elementor-element elementor-element-1886e2c elementor-widget elementor-widget-image\" data-id=\"1886e2c\" data-element_type=\"widget\" data-widget_type=\"image.default\">\n\t\t\t\t<div class=\"elementor-widget-container\">\n\t\t\t\t\t<div class=\"elementor-image\">\n\t\t\t\t\t\t\t\t\t\t\t<a href=\"http:\/\/www.margot.bio\">\n\t\t\t\t\t\t\t<img width=\"306\" height=\"139\" src=\"https:\/\/biocibus.bio\/wp-content\/uploads\/2021\/03\/Logo-03.png\" class=\"attachment-large size-large\" alt=\"\" loading=\"lazy\" srcset=\"https:\/\/biocibus.bio\/wp-content\/uploads\/2021\/03\/Logo-03.png 306w, https:\/\/biocibus.bio\/wp-content\/uploads\/2021\/03\/Logo-03-300x136.png 300w\" sizes=\"(max-width: 306px) 100vw, 306px\" style=\"width:100%;height:45.42%;max-width:306px;\" \/>\t\t\t\t\t\t\t\t<\/a>\n\t\t\t\t\t\t\t\t\t\t\t<\/div>\n\t\t\t\t<\/div>\n\t\t\t\t<\/div>\n\t\t\t\t<div class=\"elementor-element elementor-element-0be6e93 elementor-invisible elementor-widget elementor-widget-image\" data-id=\"0be6e93\" data-element_type=\"widget\" data-settings=\"{&quot;_animation&quot;:&quot;fadeIn&quot;}\" data-widget_type=\"image.default\">\n\t\t\t\t<div class=\"elementor-widget-container\">\n\t\t\t\t\t<div class=\"elementor-image\">\n\t\t\t\t\t\t\t\t\t\t\t<a href=\"http:\/\/www.margot.bio\" target=\"_blank\">\n\t\t\t\t\t\t\t<img src=\"https:\/\/biocibus.bio\/wp-content\/uploads\/elementor\/thumbs\/Margot_patebolets-3--p2k5x4rvzfd8d1s43df1f24eb2450vn9500e35966g.jpg\" title=\"Margot_patebolets-3-\" alt=\"Margot_patebolets-3-\" class=\"elementor-animation-shrink\" \/>\t\t\t\t\t\t\t\t<\/a>\n\t\t\t\t\t\t\t\t\t\t\t<\/div>\n\t\t\t\t<\/div>\n\t\t\t\t<\/div>\n\t\t\t\t<div class=\"elementor-element elementor-element-8c8a702 elementor-widget elementor-widget-text-editor\" data-id=\"8c8a702\" data-element_type=\"widget\" data-widget_type=\"text-editor.default\">\n\t\t\t\t<div class=\"elementor-widget-container\">\n\t\t\t\t\t<div class=\"elementor-text-editor elementor-clearfix\"><p>Margot elabora pat\u00e9s i melmelades<\/p><p>tamb\u00e9 ecol\u00f2gics i 100% naturals.<\/p><\/div>\n\t\t\t\t<\/div>\n\t\t\t\t<\/div>\n\t\t\t\t<div class=\"elementor-element elementor-element-b717c8b elementor-align-center elementor-widget elementor-widget-button\" data-id=\"b717c8b\" data-element_type=\"widget\" data-widget_type=\"button.default\">\n\t\t\t\t<div class=\"elementor-widget-container\">\n\t\t\t\t\t<div class=\"elementor-button-wrapper\">\n\t\t\t<a href=\"http:\/\/www.margot.bio\" target=\"_blank\" class=\"elementor-button-link elementor-button elementor-size-sm elementor-animation-shrink\" role=\"button\">\n\t\t\t\t\t\t<span class=\"elementor-button-content-wrapper\">\n\t\t\t\t\t\t<span class=\"elementor-button-text\">Veure m\u00e9s<\/span>\n\t\t<\/span>\n\t\t\t\t\t<\/a>\n\t\t<\/div>\n\t\t\t\t<\/div>\n\t\t\t\t<\/div>\n\t\t\t\t\t<\/div>\n\t\t<\/div>\n\t\t\t\t\t\t\t<\/div>\n\t\t<\/section>\n\t\t\t\t<section class=\"elementor-section elementor-top-section elementor-element elementor-element-5bd811d elementor-section-full_width elementor-section-height-default elementor-section-height-default\" data-id=\"5bd811d\" data-element_type=\"section\">\n\t\t\t\t\t\t<div class=\"elementor-container elementor-column-gap-no\">\n\t\t\t\t\t<div class=\"elementor-column elementor-col-100 elementor-top-column elementor-element elementor-element-7938f2cc\" data-id=\"7938f2cc\" data-element_type=\"column\">\n\t\t\t<div class=\"elementor-widget-wrap elementor-element-populated\">\n\t\t\t\t\t\t\t\t<div class=\"elementor-element elementor-element-a7b4c8e elementor-widget elementor-widget-text-editor\" data-id=\"a7b4c8e\" data-element_type=\"widget\" data-widget_type=\"text-editor.default\">\n\t\t\t\t<div class=\"elementor-widget-container\">\n\t\t\t\t\t<div class=\"elementor-text-editor elementor-clearfix\"><p>Contacta&#8217;ns<\/p><\/div>\n\t\t\t\t<\/div>\n\t\t\t\t<\/div>\n\t\t\t\t<div class=\"elementor-element elementor-element-fae00de elementor-widget-divider--view-line elementor-widget elementor-widget-divider\" data-id=\"fae00de\" data-element_type=\"widget\" data-widget_type=\"divider.default\">\n\t\t\t\t<div class=\"elementor-widget-container\">\n\t\t\t\t\t<div class=\"elementor-divider\">\n\t\t\t<span class=\"elementor-divider-separator\">\n\t\t\t\t\t\t<\/span>\n\t\t<\/div>\n\t\t\t\t<\/div>\n\t\t\t\t<\/div>\n\t\t\t\t<section class=\"elementor-section elementor-inner-section elementor-element elementor-element-6d8b5828 elementor-section-content-middle elementor-section-boxed elementor-section-height-default elementor-section-height-default elementor-invisible\" data-id=\"6d8b5828\" data-element_type=\"section\" data-settings=\"{&quot;animation&quot;:&quot;fadeIn&quot;}\">\n\t\t\t\t\t\t<div class=\"elementor-container elementor-column-gap-no\">\n\t\t\t\t\t<div class=\"elementor-column elementor-col-33 elementor-inner-column elementor-element elementor-element-2785ef71\" data-id=\"2785ef71\" data-element_type=\"column\">\n\t\t\t<div class=\"elementor-widget-wrap elementor-element-populated\">\n\t\t\t\t\t\t\t\t<div class=\"elementor-element elementor-element-dc6b491 elementor-widget elementor-widget-heading\" data-id=\"dc6b491\" data-element_type=\"widget\" data-widget_type=\"heading.default\">\n\t\t\t\t<div class=\"elementor-widget-container\">\n\t\t\t<h6 class=\"elementor-heading-title elementor-size-default\">Tel\u00e8fon<\/h6>\t\t<\/div>\n\t\t\t\t<\/div>\n\t\t\t\t<div class=\"elementor-element elementor-element-003a9c2 elementor-widget elementor-widget-text-editor\" data-id=\"003a9c2\" data-element_type=\"widget\" data-widget_type=\"text-editor.default\">\n\t\t\t\t<div class=\"elementor-widget-container\">\n\t\t\t\t\t<div class=\"elementor-text-editor elementor-clearfix\"><p>T. 93 514 21 49<\/p><p>M. 678 70 57 52<\/p><p>\u00a0<\/p><\/div>\n\t\t\t\t<\/div>\n\t\t\t\t<\/div>\n\t\t\t\t\t<\/div>\n\t\t<\/div>\n\t\t\t\t<div class=\"elementor-column elementor-col-33 elementor-inner-column elementor-element elementor-element-15f0677f\" data-id=\"15f0677f\" data-element_type=\"column\">\n\t\t\t<div class=\"elementor-widget-wrap elementor-element-populated\">\n\t\t\t\t\t\t\t\t<div class=\"elementor-element elementor-element-e03e5d0 elementor-widget elementor-widget-heading\" data-id=\"e03e5d0\" data-element_type=\"widget\" data-widget_type=\"heading.default\">\n\t\t\t\t<div class=\"elementor-widget-container\">\n\t\t\t<h6 class=\"elementor-heading-title elementor-size-default\">Adre\u00e7a<\/h6>\t\t<\/div>\n\t\t\t\t<\/div>\n\t\t\t\t<div class=\"elementor-element elementor-element-210ec807 elementor-widget elementor-widget-text-editor\" data-id=\"210ec807\" data-element_type=\"widget\" data-widget_type=\"text-editor.default\">\n\t\t\t\t<div class=\"elementor-widget-container\">\n\t\t\t\t\t<div class=\"elementor-text-editor elementor-clearfix\"><p>Pol. Ind. Montguit<\/p>\n<p>C\/Roca Nau A2<\/p><p>L&#8217;Atmella del Vall\u00e8s<\/p><\/div>\n\t\t\t\t<\/div>\n\t\t\t\t<\/div>\n\t\t\t\t\t<\/div>\n\t\t<\/div>\n\t\t\t\t<div class=\"elementor-column elementor-col-33 elementor-inner-column elementor-element elementor-element-77eb192\" data-id=\"77eb192\" data-element_type=\"column\">\n\t\t\t<div class=\"elementor-widget-wrap elementor-element-populated\">\n\t\t\t\t\t\t\t\t<div class=\"elementor-element elementor-element-512b638 elementor-widget elementor-widget-heading\" data-id=\"512b638\" data-element_type=\"widget\" data-widget_type=\"heading.default\">\n\t\t\t\t<div class=\"elementor-widget-container\">\n\t\t\t<h6 class=\"elementor-heading-title elementor-size-default\">E-mail\n<\/h6>\t\t<\/div>\n\t\t\t\t<\/div>\n\t\t\t\t<div class=\"elementor-element elementor-element-2498b22 elementor-widget elementor-widget-text-editor\" data-id=\"2498b22\" data-element_type=\"widget\" data-widget_type=\"text-editor.default\">\n\t\t\t\t<div class=\"elementor-widget-container\">\n\t\t\t\t\t<div class=\"elementor-text-editor elementor-clearfix\"><p><a href=\"mailto:biocibus@biocibus.bio\">biocibus@biocibus.bio<\/a><\/p><p>\u00a0<\/p><\/div>\n\t\t\t\t<\/div>\n\t\t\t\t<\/div>\n\t\t\t\t\t<\/div>\n\t\t<\/div>\n\t\t\t\t\t\t\t<\/div>\n\t\t<\/section>\n\t\t\t\t\t<\/div>\n\t\t<\/div>\n\t\t\t\t\t\t\t<\/div>\n\t\t<\/section>\n\t\t\t\t<section class=\"elementor-section elementor-top-section elementor-element elementor-element-6543013 elementor-section-boxed elementor-section-height-default elementor-section-height-default\" data-id=\"6543013\" data-element_type=\"section\">\n\t\t\t\t\t\t<div class=\"elementor-container elementor-column-gap-default\">\n\t\t\t\t\t<div class=\"elementor-column elementor-col-100 elementor-top-column elementor-element elementor-element-8dc690d\" data-id=\"8dc690d\" data-element_type=\"column\">\n\t\t\t<div class=\"elementor-widget-wrap elementor-element-populated\">\n\t\t\t\t\t\t\t\t<div class=\"elementor-element elementor-element-292ccce elementor-widget elementor-widget-image\" data-id=\"292ccce\" data-element_type=\"widget\" data-widget_type=\"image.default\">\n\t\t\t\t<div class=\"elementor-widget-container\">\n\t\t\t\t\t<div class=\"elementor-image\">\n\t\t\t\t\t\t\t\t\t\t<img src=\"https:\/\/biocibus.bio\/wp-content\/uploads\/elementor\/thumbs\/ACCIO-integrat-Horitzontal-CAT-color-pong240dfz5ulpeqxhtzhsxaio5gohtpl3wn1rsu4s.png\" title=\"ACCI\u00d3 integrat Horitzontal CAT color\" alt=\"ACCI\u00d3 integrat Horitzontal CAT color\" \/>\t\t\t\t\t\t\t\t\t\t\t<\/div>\n\t\t\t\t<\/div>\n\t\t\t\t<\/div>\n\t\t\t\t\t<\/div>\n\t\t<\/div>\n\t\t\t\t\t\t\t<\/div>\n\t\t<\/section>\n\t\t\t\t<section class=\"elementor-section elementor-top-section elementor-element elementor-element-29b6692 elementor-section-boxed elementor-section-height-default elementor-section-height-default\" data-id=\"29b6692\" data-element_type=\"section\">\n\t\t\t\t\t\t<div class=\"elementor-container elementor-column-gap-default\">\n\t\t\t\t\t<div class=\"elementor-column elementor-col-100 elementor-top-column elementor-element elementor-element-e0049cf\" data-id=\"e0049cf\" data-element_type=\"column\">\n\t\t\t<div class=\"elementor-widget-wrap elementor-element-populated\">\n\t\t\t\t\t\t\t\t<div class=\"elementor-element elementor-element-d726571 elementor-widget elementor-widget-heading\" data-id=\"d726571\" data-element_type=\"widget\" data-widget_type=\"heading.default\">\n\t\t\t\t<div class=\"elementor-widget-container\">\n\t\t\t<h6 class=\"elementor-heading-title elementor-size-default\">BIOCIBUS<\/h6>\t\t<\/div>\n\t\t\t\t<\/div>\n\t\t\t\t<div class=\"elementor-element elementor-element-2c2f79f elementor-align-center elementor-widget elementor-widget-bdt-scroll-button\" data-id=\"2c2f79f\" data-element_type=\"widget\" data-widget_type=\"bdt-scroll-button.default\">\n\t\t\t\t<div class=\"elementor-widget-container\">\n\t\t\t\t\t<div class=\"bdt-scroll-button-wrapper\">\n\t\t\t<button class=\"bdt-scroll-button bdt-button bdt-button-primary\" data-settings=\"{&quot;duration&quot;:500,&quot;offset&quot;:200}\" data-selector=\"#my-header\">\n\t\t\t\t\t\t<span class=\"bdt-scroll-button-content-wrapper\">\n\t\t\t\t\t\t<span class=\"bdt-scroll-button-align-icon-right\">\n\n\t\t\t\t<i aria-hidden=\"true\" class=\"fa-fw fas fa-angle-up\"><\/i>\n\t\t\t<\/span>\n\t\t\t\t\t\t<span class=\"bdt-scroll-button-text\"><\/span>\n\t\t<\/span>\n\t\t\t\t\t<\/button>\n\t\t<\/div>\n\n\t\t\t\t<\/div>\n\t\t\t\t<\/div>\n\t\t\t\t\t<\/div>\n\t\t<\/div>\n\t\t\t\t\t\t\t<\/div>\n\t\t<\/section>\n\t\t\t\t\t\t<\/div>\n\t\t\t\t\t<\/div>\n\t\t","protected":false},"excerpt":{"rendered":"<p>BIOCIBUS Som una empresa familiar, amb una llarga tradici\u00f3 en l&#8217;elaboraci\u00f3 d&#8217;aliments mitjan\u00e7ant processos artesanals. Som qualitat, elaborem brous, salses, pat\u00e9s i melmelades\u00a0100% ecol\u00f2giques Tres marques amb un mateix origen\u00a0i una mateixa filosofia: oferir la m\u00e0xima\u00a0qualitat, amb els millors ingredients,\u00a0ecol\u00f2gics i de proximitat. \u00a0 Hem conservat moltes de les receptes tradicionals, per\u00f2 tamb\u00e9 ens agrada\u00a0evolucionar-les,\u00a0&hellip; <a class=\"more-link\" href=\"https:\/\/biocibus.bio\/\">Seguir leyendo <span class=\"screen-reader-text\">Biocibus CAT<\/span><\/a><\/p>\n","protected":false},"author":1,"featured_media":0,"parent":0,"menu_order":0,"comment_status":"closed","ping_status":"open","template":"elementor_canvas","meta":[],"_links":{"self":[{"href":"https:\/\/biocibus.bio\/index.php?rest_route=\/wp\/v2\/pages\/2"}],"collection":[{"href":"https:\/\/biocibus.bio\/index.php?rest_route=\/wp\/v2\/pages"}],"about":[{"href":"https:\/\/biocibus.bio\/index.php?rest_route=\/wp\/v2\/types\/page"}],"author":[{"embeddable":true,"href":"https:\/\/biocibus.bio\/index.php?rest_route=\/wp\/v2\/users\/1"}],"replies":[{"embeddable":true,"href":"https:\/\/biocibus.bio\/index.php?rest_route=%2Fwp%2Fv2%2Fcomments&post=2"}],"version-history":[{"count":78,"href":"https:\/\/biocibus.bio\/index.php?rest_route=\/wp\/v2\/pages\/2\/revisions"}],"predecessor-version":[{"id":204,"href":"https:\/\/biocibus.bio\/index.php?rest_route=\/wp\/v2\/pages\/2\/revisions\/204"}],"wp:attachment":[{"href":"https:\/\/biocibus.bio\/index.php?rest_route=%2Fwp%2Fv2%2Fmedia&parent=2"}],"curies":[{"name":"wp","href":"https:\/\/api.w.org\/{rel}","templated":true}]}}